{"id":2652,"date":"2024-03-05T09:40:52","date_gmt":"2024-03-05T09:40:52","guid":{"rendered":"https:\/\/www.afarnetwork.com\/?page_id=2652"},"modified":"2025-04-22T19:51:19","modified_gmt":"2025-04-22T19:51:19","slug":"larisa-crunteanu","status":"publish","type":"page","link":"https:\/\/www.afarnetwork.com\/ro\/larisa-crunteanu\/","title":{"rendered":"Larisa Crun\u021beanu"},"content":{"rendered":"<p>[et_pb_section fb_built=&#8221;1&#8243; _builder_version=&#8221;4.21.0&#8243; _module_preset=&#8221;default&#8221; background_color=&#8221;#FFFFFF&#8221; background_image=&#8221;https:\/\/www.afarnetwork.com\/wp-content\/uploads\/2023\/08\/Residency-BG.png&#8221; background_blend=&#8221;multiply&#8221; custom_margin=&#8221;||-93px|||&#8221; custom_padding=&#8221;100px||126px||false|false&#8221; global_colors_info=&#8221;{}&#8221;][\/et_pb_section][et_pb_section fb_built=&#8221;1&#8243; _builder_version=&#8221;4.16&#8243; _module_preset=&#8221;default&#8221; custom_margin=&#8221;34px|||||&#8221; custom_padding=&#8221;45px|||||&#8221; custom_css_after=&#8221;display: block;||content: &#8221;;||width: 30px;||height:30px;||background:red;||border-radius: 50%;||position: absolute;||right: 10vw;||bottom: 10vh;&#8221; global_colors_info=&#8221;{}&#8221;][et_pb_row column_structure=&#8221;2_5,3_5&#8243; _builder_version=&#8221;4.16&#8243; _module_preset=&#8221;default&#8221; global_colors_info=&#8221;{}&#8221;][et_pb_column type=&#8221;2_5&#8243; _builder_version=&#8221;4.16&#8243; _module_preset=&#8221;default&#8221; global_colors_info=&#8221;{}&#8221;][et_pb_image src=&#8221;https:\/\/www.afarnetwork.com\/wp-content\/uploads\/2024\/03\/Portret-Horatiu-Sovaiala.png&#8221; title_text=&#8221;Portret Horatiu Sovaiala&#8221; _builder_version=&#8221;4.21.0&#8243; _module_preset=&#8221;default&#8221; global_colors_info=&#8221;{}&#8221;][\/et_pb_image][et_pb_text _builder_version=&#8221;4.21.0&#8243; _module_preset=&#8221;default&#8221; global_colors_info=&#8221;{}&#8221;]<\/p>\n<p>(c) Portret Horatiu Sovaiala<\/p>\n<p>[\/et_pb_text][\/et_pb_column][et_pb_column type=&#8221;3_5&#8243; _builder_version=&#8221;4.16&#8243; _module_preset=&#8221;default&#8221; custom_padding=&#8221;|||20px|false|false&#8221; custom_padding_tablet=&#8221;|||0px|false|false&#8221; custom_padding_phone=&#8221;&#8221; custom_padding_last_edited=&#8221;on|tablet&#8221; border_width_left=&#8221;1px&#8221; border_width_left_tablet=&#8221;0px&#8221; border_width_left_phone=&#8221;&#8221; border_width_left_last_edited=&#8221;on|tablet&#8221; global_colors_info=&#8221;{}&#8221;][et_pb_text _builder_version=&#8221;4.21.0&#8243; _module_preset=&#8221;default&#8221; text_text_color=&#8221;#333&#8243; header_font=&#8221;|||on|||||&#8221; header_font_size=&#8221;50px&#8221; global_colors_info=&#8221;{}&#8221;]<\/p>\n<h1>March<br \/>Zagreb, Croatia<\/h1>\n<p>[\/et_pb_text][et_pb_text _builder_version=&#8221;4.21.0&#8243; _module_preset=&#8221;default&#8221; text_text_color=&#8221;#333333&#8243; global_colors_info=&#8221;{}&#8221;]<\/p>\n<p>The first artist resident of the AFAR project is Larisa Crun\u021beanu who works as a performer, video artist and sound collector who moves from reality to fiction in an endless conversation with the viewer. Larisa Crun\u021beanu\u2019s works create contexts in which facts and memories are reactivated, encouraging a shared effort and the emergence of new practices. Many of her projects reflect on the notion of collaboration and the ideas existing behind objects and stories. Her works were shown in important institutions such as the National Museum of Contemporary Art in Bucharest, SAVVY Berlin, Zacheta Project RoomWarsaw, RKI Berlin, Museu de Arte Brasileira \u2013 MAB FAAP, S\u00e3o Paulo. She holds an MA in Photography and Moving Image and a PhD in Visual Arts from the National University of Arts Bucharest. In 2023 she launched her first book, Protocols of Singularity (RO-EN) published by Dispozitiv Books.<\/p>\n<p>As part of the residency, Larisa Crun\u021beanu gets to know the local art scene through studio visits and exhibitions, creates new artwork, which is connected to the main themes of the project: ecology, sustainability and the heritage of textile art, which will be exhibited at the final exhibition in Zagreb, Vienna and Bucharest. <\/p>\n<p>Together with the Croatian artist <em>Nikolina Kne\u017eevi\u0107 Hrgovi\u0107<\/em>, she will conduct a workshop with students of the<em> Academy of Fine Arts<\/em> and have an AFAR Talk in Putolovac gallery on<em> March 12, 2024 (7:30 pm)<\/em> with <em>Nevena \u0160krbi\u0107 Alempijevi\u0107 (FFZG)<\/em>.<\/p>\n<p>[\/et_pb_text][et_pb_code _builder_version=&#8221;4.16&#8243; _module_preset=&#8221;default&#8221; global_colors_info=&#8221;{}&#8221;]<\/p>\n<style><!-- [et_pb_line_break_holder] -->  .et_pb_gallery.gallery-3 .et_pb_gallery_item:nth-child(3n) {<!-- [et_pb_line_break_holder] -->    margin-right: 0!important;<!-- [et_pb_line_break_holder] -->  }<!-- [et_pb_line_break_holder] -->  .et_pb_section_1.et_pb_section {<!-- [et_pb_line_break_holder] -->    min-height: auto;<!-- [et_pb_line_break_holder] -->  }<!-- [et_pb_line_break_holder] -->  p {<!-- [et_pb_line_break_holder] -->    line-height: 1.5em;<!-- [et_pb_line_break_holder] -->    padding-bottom: 1.5em;<!-- [et_pb_line_break_holder] -->  }<!-- [et_pb_line_break_holder] -->  .artist-name {<!-- [et_pb_line_break_holder] -->    margin-bottom: 6px;<!-- [et_pb_line_break_holder] -->  }<!-- [et_pb_line_break_holder] --><\/style>\n<p>[\/et_pb_code][\/et_pb_column][\/et_pb_row][et_pb_row _builder_version=&#8221;4.21.0&#8243; _module_preset=&#8221;default&#8221; global_colors_info=&#8221;{}&#8221;][et_pb_column type=&#8221;4_4&#8243; _builder_version=&#8221;4.21.0&#8243; _module_preset=&#8221;default&#8221; global_colors_info=&#8221;{}&#8221;][et_pb_divider _builder_version=&#8221;4.21.0&#8243; _module_preset=&#8221;default&#8221; global_colors_info=&#8221;{}&#8221;][\/et_pb_divider][et_pb_text _builder_version=&#8221;4.21.0&#8243; _module_preset=&#8221;default&#8221; hover_enabled=&#8221;0&#8243; global_colors_info=&#8221;{}&#8221; sticky_enabled=&#8221;0&#8243;]<\/p>\n<div class=\"x11i5rnm xat24cr x1mh8g0r x1vvkbs xtlvy1s\">Artists for Artists Residency Network (AFAR) is an EU co-funded project and residency program, aiming to improve the mobility of contemporary visual artists and curators in Romania, Germany, Croatia, and Austria. The project is led by the Romanian Association for Contemporary Art (ARAC) with its three consortium partners \u2013 Goethe Institute Network, Croatian Association of Fine Artists, and K\u00fcnstlerhaus Vienna.<\/div>\n<div class=\"x11i5rnm xat24cr x1mh8g0r x1vvkbs xtlvy1s\">\n<p>Views and opinions expressed are however those of the author(s) only and do not necessarily reflect those of the European Union or European Education and Culture Executive Agency (EACEA). Neither the European Union nor the granting authority can be held responsible for them.\u00a0<\/p>\n<\/div>\n<p>[\/et_pb_text][\/et_pb_column][\/et_pb_row][\/et_pb_section]<\/p>","protected":false},"excerpt":{"rendered":"<p>(c) Portret Horatiu SovaialaMarchZagreb, CroatiaThe first artist resident of the AFAR project is Larisa Crun\u021beanu who works as a performer, video artist and sound collector who moves from reality to fiction in an endless conversation with the viewer. Larisa Crun\u021beanu\u2019s works create contexts in which facts and memories are reactivated, encouraging a shared effort and [&hellip;]<\/p>","protected":false},"author":2,"featured_media":0,"parent":0,"menu_order":0,"comment_status":"closed","ping_status":"closed","template":"","meta":{"_et_pb_use_builder":"on","_et_pb_old_content":"","_et_gb_content_width":"","footnotes":""},"class_list":["post-2652","page","type-page","status-publish","hentry"],"yoast_head":"<!-- This site is optimized with the Yoast SEO plugin v23.0 - https:\/\/yoast.com\/wordpress\/plugins\/seo\/ -->\n<title>Larisa Crun\u021beanu - AFAR Network<\/title>\n<meta name=\"robots\" content=\"index, follow, max-snippet:-1, max-image-preview:large, max-video-preview:-1\" \/>\n<link rel=\"canonical\" href=\"https:\/\/www.afarnetwork.com\/ro\/larisa-crunteanu\/\" \/>\n<meta property=\"og:locale\" content=\"ro_RO\" \/>\n<meta property=\"og:type\" content=\"article\" \/>\n<meta property=\"og:title\" content=\"Larisa Crun\u021beanu - AFAR Network\" \/>\n<meta property=\"og:description\" content=\"(c) Portret Horatiu SovaialaMarchZagreb, CroatiaThe first artist resident of the AFAR project is Larisa Crun\u021beanu who works as a performer, video artist and sound collector who moves from reality to fiction in an endless conversation with the viewer. Larisa Crun\u021beanu\u2019s works create contexts in which facts and memories are reactivated, encouraging a shared effort and [&hellip;]\" \/>\n<meta property=\"og:url\" content=\"https:\/\/www.afarnetwork.com\/ro\/larisa-crunteanu\/\" \/>\n<meta property=\"og:site_name\" content=\"AFAR Network\" \/>\n<meta property=\"article:modified_time\" content=\"2025-04-22T19:51:19+00:00\" \/>\n<meta name=\"twitter:card\" content=\"summary_large_image\" \/>\n<meta name=\"twitter:label1\" content=\"Timp estimat pentru citire\" \/>\n\t<meta name=\"twitter:data1\" content=\"2 minute\" \/>\n<script type=\"application\/ld+json\" class=\"yoast-schema-graph\">{\"@context\":\"https:\/\/schema.org\",\"@graph\":[{\"@type\":\"WebPage\",\"@id\":\"https:\/\/www.afarnetwork.com\/larisa-crunteanu\/\",\"url\":\"https:\/\/www.afarnetwork.com\/larisa-crunteanu\/\",\"name\":\"Larisa Crun\u021beanu - AFAR Network\",\"isPartOf\":{\"@id\":\"https:\/\/www.afarnetwork.com\/#website\"},\"datePublished\":\"2024-03-05T09:40:52+00:00\",\"dateModified\":\"2025-04-22T19:51:19+00:00\",\"breadcrumb\":{\"@id\":\"https:\/\/www.afarnetwork.com\/larisa-crunteanu\/#breadcrumb\"},\"inLanguage\":\"ro-RO\",\"potentialAction\":[{\"@type\":\"ReadAction\",\"target\":[\"https:\/\/www.afarnetwork.com\/larisa-crunteanu\/\"]}]},{\"@type\":\"BreadcrumbList\",\"@id\":\"https:\/\/www.afarnetwork.com\/larisa-crunteanu\/#breadcrumb\",\"itemListElement\":[{\"@type\":\"ListItem\",\"position\":1,\"name\":\"Home\",\"item\":\"https:\/\/www.afarnetwork.com\/\"},{\"@type\":\"ListItem\",\"position\":2,\"name\":\"Larisa Crun\u021beanu\"}]},{\"@type\":\"WebSite\",\"@id\":\"https:\/\/www.afarnetwork.com\/#website\",\"url\":\"https:\/\/www.afarnetwork.com\/\",\"name\":\"AFAR Network\",\"description\":\"Art\",\"potentialAction\":[{\"@type\":\"SearchAction\",\"target\":{\"@type\":\"EntryPoint\",\"urlTemplate\":\"https:\/\/www.afarnetwork.com\/?s={search_term_string}\"},\"query-input\":\"required name=search_term_string\"}],\"inLanguage\":\"ro-RO\"}]}<\/script>\n<!-- \/ Yoast SEO plugin. -->","yoast_head_json":{"title":"Larisa Crun\u021beanu - AFAR Network","robots":{"index":"index","follow":"follow","max-snippet":"max-snippet:-1","max-image-preview":"max-image-preview:large","max-video-preview":"max-video-preview:-1"},"canonical":"https:\/\/www.afarnetwork.com\/ro\/larisa-crunteanu\/","og_locale":"ro_RO","og_type":"article","og_title":"Larisa Crun\u021beanu - AFAR Network","og_description":"(c) Portret Horatiu SovaialaMarchZagreb, CroatiaThe first artist resident of the AFAR project is Larisa Crun\u021beanu who works as a performer, video artist and sound collector who moves from reality to fiction in an endless conversation with the viewer. Larisa Crun\u021beanu\u2019s works create contexts in which facts and memories are reactivated, encouraging a shared effort and [&hellip;]","og_url":"https:\/\/www.afarnetwork.com\/ro\/larisa-crunteanu\/","og_site_name":"AFAR Network","article_modified_time":"2025-04-22T19:51:19+00:00","twitter_card":"summary_large_image","twitter_misc":{"Timp estimat pentru citire":"2 minute"},"schema":{"@context":"https:\/\/schema.org","@graph":[{"@type":"WebPage","@id":"https:\/\/www.afarnetwork.com\/larisa-crunteanu\/","url":"https:\/\/www.afarnetwork.com\/larisa-crunteanu\/","name":"Larisa Crun\u021beanu - AFAR Network","isPartOf":{"@id":"https:\/\/www.afarnetwork.com\/#website"},"datePublished":"2024-03-05T09:40:52+00:00","dateModified":"2025-04-22T19:51:19+00:00","breadcrumb":{"@id":"https:\/\/www.afarnetwork.com\/larisa-crunteanu\/#breadcrumb"},"inLanguage":"ro-RO","potentialAction":[{"@type":"ReadAction","target":["https:\/\/www.afarnetwork.com\/larisa-crunteanu\/"]}]},{"@type":"BreadcrumbList","@id":"https:\/\/www.afarnetwork.com\/larisa-crunteanu\/#breadcrumb","itemListElement":[{"@type":"ListItem","position":1,"name":"Home","item":"https:\/\/www.afarnetwork.com\/"},{"@type":"ListItem","position":2,"name":"Larisa Crun\u021beanu"}]},{"@type":"WebSite","@id":"https:\/\/www.afarnetwork.com\/#website","url":"https:\/\/www.afarnetwork.com\/","name":"AFAR Network","description":"Art","potentialAction":[{"@type":"SearchAction","target":{"@type":"EntryPoint","urlTemplate":"https:\/\/www.afarnetwork.com\/?s={search_term_string}"},"query-input":"required name=search_term_string"}],"inLanguage":"ro-RO"}]}},"_links":{"self":[{"href":"https:\/\/www.afarnetwork.com\/ro\/wp-json\/wp\/v2\/pages\/2652","targetHints":{"allow":["GET"]}}],"collection":[{"href":"https:\/\/www.afarnetwork.com\/ro\/wp-json\/wp\/v2\/pages"}],"about":[{"href":"https:\/\/www.afarnetwork.com\/ro\/wp-json\/wp\/v2\/types\/page"}],"author":[{"embeddable":true,"href":"https:\/\/www.afarnetwork.com\/ro\/wp-json\/wp\/v2\/users\/2"}],"replies":[{"embeddable":true,"href":"https:\/\/www.afarnetwork.com\/ro\/wp-json\/wp\/v2\/comments?post=2652"}],"version-history":[{"count":6,"href":"https:\/\/www.afarnetwork.com\/ro\/wp-json\/wp\/v2\/pages\/2652\/revisions"}],"predecessor-version":[{"id":3864,"href":"https:\/\/www.afarnetwork.com\/ro\/wp-json\/wp\/v2\/pages\/2652\/revisions\/3864"}],"wp:attachment":[{"href":"https:\/\/www.afarnetwork.com\/ro\/wp-json\/wp\/v2\/media?parent=2652"}],"curies":[{"name":"wp","href":"https:\/\/api.w.org\/{rel}","templated":true}]}}