{"id":3592,"date":"2024-10-23T11:26:36","date_gmt":"2024-10-23T11:26:36","guid":{"rendered":"https:\/\/www.afarnetwork.com\/?page_id=3592"},"modified":"2024-11-05T14:56:25","modified_gmt":"2024-11-05T14:56:25","slug":"topographyoftheproject","status":"publish","type":"page","link":"https:\/\/www.afarnetwork.com\/ro\/topographyoftheproject\/","title":{"rendered":"AFAR: Topography of the Project"},"content":{"rendered":"<p>[et_pb_section fb_built=&#8221;1&#8243; _builder_version=&#8221;4.21.0&#8243; _module_preset=&#8221;default&#8221; background_color=&#8221;#FFFFFF&#8221; background_image=&#8221;https:\/\/www.afarnetwork.com\/wp-content\/uploads\/2023\/08\/Residency-BG.png&#8221; background_blend=&#8221;multiply&#8221; custom_margin=&#8221;||-93px|||&#8221; custom_padding=&#8221;100px||126px||false|false&#8221; global_colors_info=&#8221;{}&#8221;][\/et_pb_section][et_pb_section fb_built=&#8221;1&#8243; _builder_version=&#8221;4.16&#8243; _module_preset=&#8221;default&#8221; custom_margin=&#8221;34px|||||&#8221; custom_padding=&#8221;45px|||||&#8221; custom_css_after=&#8221;display: block;||content: &#8221;;||width: 30px;||height:30px;||background:red;||border-radius: 50%;||position: absolute;||right: 10vw;||bottom: 10vh;&#8221; global_colors_info=&#8221;{}&#8221;][et_pb_row column_structure=&#8221;2_5,3_5&#8243; _builder_version=&#8221;4.16&#8243; _module_preset=&#8221;default&#8221; global_colors_info=&#8221;{}&#8221;][et_pb_column type=&#8221;2_5&#8243; _builder_version=&#8221;4.16&#8243; _module_preset=&#8221;default&#8221; global_colors_info=&#8221;{}&#8221;][et_pb_image src=&#8221;https:\/\/www.afarnetwork.com\/wp-content\/uploads\/2024\/10\/FB-event-photo-1920&#215;1005-px.jpg&#8221; _builder_version=&#8221;4.21.0&#8243; _module_preset=&#8221;default&#8221; global_colors_info=&#8221;{}&#8221;][\/et_pb_image][\/et_pb_column][et_pb_column type=&#8221;3_5&#8243; _builder_version=&#8221;4.16&#8243; _module_preset=&#8221;default&#8221; custom_padding=&#8221;|||20px|false|false&#8221; custom_padding_tablet=&#8221;|||0px|false|false&#8221; custom_padding_phone=&#8221;&#8221; custom_padding_last_edited=&#8221;on|tablet&#8221; border_width_left=&#8221;1px&#8221; border_width_left_tablet=&#8221;0px&#8221; border_width_left_phone=&#8221;&#8221; border_width_left_last_edited=&#8221;on|tablet&#8221; global_colors_info=&#8221;{}&#8221;][et_pb_text admin_label=&#8221;Text&#8221; _builder_version=&#8221;4.21.0&#8243; _module_preset=&#8221;default&#8221; text_text_color=&#8221;#333&#8243; header_font=&#8221;|||on|||||&#8221; header_font_size=&#8221;50px&#8221; global_colors_info=&#8221;{}&#8221;]<\/p>\n<div class=\"x11i5rnm xat24cr x1mh8g0r x1vvkbs xtlvy1s\">\n<p><span style=\"color: #000000;\">AFAR: Topography of the Project<\/span><\/p>\n<p>Opening: October 24, 7:00 PM<\/p>\n<\/div>\n<div class=\"x11i5rnm xat24cr x1mh8g0r x1vvkbs xtlvy1s\">\n<p><span style=\"color: #000000;\">Artists: \u017deljko Beljan (HR), Bik Van der Pol (NL), Tanja Boukal (AT), Larisa Crun\u021beanu (RO), Megan Dominescu (RO), Nikolina Hrgovi\u0107 Kne\u017eevi\u0107 (HR), Zoya Laktionova (UA), Sarah McNulty (DK), Iza Tarasewicz (PL), Eve Woods (IE)<\/span><\/p>\n<p><span style=\"color: #000000;\">Curator: Josip Zanki<\/span><\/p>\n<p>October 24- November 24, 2024<br \/>Location: Ba\u010dva Gallery, Home of HDLU<\/p>\n<\/div>\n<div class=\"x11i5rnm xat24cr x1mh8g0r x1vvkbs xtlvy1s\">\n<p>&nbsp;<\/p>\n<\/div>\n<p>[\/et_pb_text][et_pb_text _builder_version=&#8221;4.21.0&#8243; _module_preset=&#8221;default&#8221; global_colors_info=&#8221;{}&#8221;]<\/p>\n<div class=\"x11i5rnm xat24cr x1mh8g0r x1vvkbs xtlvy1s\">\n<p>The exhibition presents the results of the two-year European project Artists for Artists Residency Network, which aimed to improve the mobility of contemporary visual artists and curators, while also creating greater opportunities for women in the arts. The project took place in four European partner countries\u2014Romania, Germany, Croatia, and Austria\u2014and included 12 artistic residencies in Zagreb (HR), Mulhouse (FR), Bucharest (RO), and in S\u0103cel, Maramure\u0219 (RO), 4 curatorial residencies in Zagreb and Bucharest, 12 conferences in Zagreb, Bucharest, and Vienna, and culminates with 3 international exhibitions in Vienna, Zagreb, and Bucharest.<\/p>\n<p>&#8220;The Artists for Artists Residency project not only generated new artworks but also opened and promoted Zagreb&#8217;s artistic, cultural, and academic community to curators and artists from Northern, Eastern, and Southern Europe. Designed as a horizontal platform for the creation and exchange of new artistic and authorial works, the project went a step further by developing new formats for workshops, artistic research, and lived experiences.&#8221; (From the preface by Josip Zanki and Rimantas Plung\u0117)<\/p>\n<\/div>\n<div>\u00a0<\/div>\n<div>\u00a0<\/div>\n<p>[\/et_pb_text][et_pb_code _builder_version=&#8221;4.16&#8243; _module_preset=&#8221;default&#8221; global_colors_info=&#8221;{}&#8221;]<\/p>\n<style><!-- [et_pb_line_break_holder] -->  .et_pb_gallery.gallery-3 .et_pb_gallery_item:nth-child(3n) {<!-- [et_pb_line_break_holder] -->    margin-right: 0!important;<!-- [et_pb_line_break_holder] -->  }<!-- [et_pb_line_break_holder] -->  .et_pb_section_1.et_pb_section {<!-- [et_pb_line_break_holder] -->    min-height: auto;<!-- [et_pb_line_break_holder] -->  }<!-- [et_pb_line_break_holder] -->  p {<!-- [et_pb_line_break_holder] -->    line-height: 1.5em;<!-- [et_pb_line_break_holder] -->    padding-bottom: 1.5em;<!-- [et_pb_line_break_holder] -->  }<!-- [et_pb_line_break_holder] -->  .artist-name {<!-- [et_pb_line_break_holder] -->    margin-bottom: 6px;<!-- [et_pb_line_break_holder] -->  }<!-- [et_pb_line_break_holder] --><\/style>\n<p><!-- [et_pb_line_break_holder] -->[\/et_pb_code][et_pb_text _builder_version=&#8221;4.21.0&#8243; _module_preset=&#8221;default&#8221; global_colors_info=&#8221;{}&#8221;][\/et_pb_text][et_pb_gallery gallery_ids=&#8221;3735,3756,3744,3751,3748,3734,3741,3753,3750,3754,3746,3743,3732,3737,3739,3730&#8243; _builder_version=&#8221;4.21.0&#8243; _module_preset=&#8221;default&#8221; hover_enabled=&#8221;0&#8243; global_colors_info=&#8221;{}&#8221; sticky_enabled=&#8221;0&#8243;][\/et_pb_gallery][\/et_pb_column][\/et_pb_row][et_pb_row _builder_version=&#8221;4.21.0&#8243; _module_preset=&#8221;default&#8221; global_colors_info=&#8221;{}&#8221;][et_pb_column type=&#8221;4_4&#8243; _builder_version=&#8221;4.21.0&#8243; _module_preset=&#8221;default&#8221; global_colors_info=&#8221;{}&#8221;][et_pb_divider _builder_version=&#8221;4.21.0&#8243; _module_preset=&#8221;default&#8221; global_colors_info=&#8221;{}&#8221;][\/et_pb_divider][et_pb_text _builder_version=&#8221;4.21.0&#8243; _module_preset=&#8221;default&#8221; global_colors_info=&#8221;{}&#8221;]<\/p>\n<div class=\"x11i5rnm xat24cr x1mh8g0r x1vvkbs xtlvy1s\">\n<div class=\"x11i5rnm xat24cr x1mh8g0r x1vvkbs xtlvy1s\">\n<p>Artists for Artists Residency Network (AFAR) is an EU co-funded project. The residency program aims to improve the mobility of contemporary visual artists and curators in Romania, Germany, Croatia, and Austria. The project is led by the Romanian Association for Contemporary Art (ARAC), in partnership with Goethe Institute Network, the Croatian Association of Fine Artists, and K\u00fcnstlerhaus Vienna.<\/p>\n<\/div>\n<\/div>\n<div class=\"x11i5rnm xat24cr x1mh8g0r x1vvkbs xtlvy1s\">\n<p>The views expressed in this announcement are the sole responsibility of HDLU and do not necessarily reflect the opinion of the Government Office for Cooperation with NGOs.<\/p>\n<\/div>\n<p>[\/et_pb_text][\/et_pb_column][\/et_pb_row][\/et_pb_section]<\/p>","protected":false},"excerpt":{"rendered":"<p>AFAR: Topography of the Project Opening: October 24, 7:00 PM Artists: \u017deljko Beljan (HR), Bik Van der Pol (NL), Tanja Boukal (AT), Larisa Crun\u021beanu (RO), Megan Dominescu (RO), Nikolina Hrgovi\u0107 Kne\u017eevi\u0107 (HR), Zoya Laktionova (UA), Sarah McNulty (DK), Iza Tarasewicz (PL), Eve Woods (IE) Curator: Josip Zanki October 24- November 24, 2024Location: Ba\u010dva Gallery, Home [&hellip;]<\/p>","protected":false},"author":2,"featured_media":0,"parent":0,"menu_order":0,"comment_status":"closed","ping_status":"closed","template":"","meta":{"_et_pb_use_builder":"on","_et_pb_old_content":"","_et_gb_content_width":"","footnotes":""},"class_list":["post-3592","page","type-page","status-publish","hentry"],"yoast_head":"<!-- This site is optimized with the Yoast SEO plugin v23.0 - https:\/\/yoast.com\/wordpress\/plugins\/seo\/ -->\n<title>AFAR: Topography of the Project - AFAR Network<\/title>\n<meta name=\"robots\" content=\"index, follow, max-snippet:-1, max-image-preview:large, max-video-preview:-1\" \/>\n<link rel=\"canonical\" href=\"https:\/\/www.afarnetwork.com\/ro\/topographyoftheproject\/\" \/>\n<meta property=\"og:locale\" content=\"ro_RO\" \/>\n<meta property=\"og:type\" content=\"article\" \/>\n<meta property=\"og:title\" content=\"AFAR: Topography of the Project - AFAR Network\" \/>\n<meta property=\"og:description\" content=\"AFAR: Topography of the Project Opening: October 24, 7:00 PM Artists: \u017deljko Beljan (HR), Bik Van der Pol (NL), Tanja Boukal (AT), Larisa Crun\u021beanu (RO), Megan Dominescu (RO), Nikolina Hrgovi\u0107 Kne\u017eevi\u0107 (HR), Zoya Laktionova (UA), Sarah McNulty (DK), Iza Tarasewicz (PL), Eve Woods (IE) Curator: Josip Zanki October 24- November 24, 2024Location: Ba\u010dva Gallery, Home [&hellip;]\" \/>\n<meta property=\"og:url\" content=\"https:\/\/www.afarnetwork.com\/ro\/topographyoftheproject\/\" \/>\n<meta property=\"og:site_name\" content=\"AFAR Network\" \/>\n<meta property=\"article:modified_time\" content=\"2024-11-05T14:56:25+00:00\" \/>\n<meta name=\"twitter:card\" content=\"summary_large_image\" \/>\n<meta name=\"twitter:label1\" content=\"Timp estimat pentru citire\" \/>\n\t<meta name=\"twitter:data1\" content=\"5 minute\" \/>\n<script type=\"application\/ld+json\" class=\"yoast-schema-graph\">{\"@context\":\"https:\/\/schema.org\",\"@graph\":[{\"@type\":\"WebPage\",\"@id\":\"https:\/\/www.afarnetwork.com\/topographyoftheproject\/\",\"url\":\"https:\/\/www.afarnetwork.com\/topographyoftheproject\/\",\"name\":\"AFAR: Topography of the Project - AFAR Network\",\"isPartOf\":{\"@id\":\"https:\/\/www.afarnetwork.com\/#website\"},\"datePublished\":\"2024-10-23T11:26:36+00:00\",\"dateModified\":\"2024-11-05T14:56:25+00:00\",\"breadcrumb\":{\"@id\":\"https:\/\/www.afarnetwork.com\/topographyoftheproject\/#breadcrumb\"},\"inLanguage\":\"ro-RO\",\"potentialAction\":[{\"@type\":\"ReadAction\",\"target\":[\"https:\/\/www.afarnetwork.com\/topographyoftheproject\/\"]}]},{\"@type\":\"BreadcrumbList\",\"@id\":\"https:\/\/www.afarnetwork.com\/topographyoftheproject\/#breadcrumb\",\"itemListElement\":[{\"@type\":\"ListItem\",\"position\":1,\"name\":\"Home\",\"item\":\"https:\/\/www.afarnetwork.com\/\"},{\"@type\":\"ListItem\",\"position\":2,\"name\":\"AFAR: Topography of the Project\"}]},{\"@type\":\"WebSite\",\"@id\":\"https:\/\/www.afarnetwork.com\/#website\",\"url\":\"https:\/\/www.afarnetwork.com\/\",\"name\":\"AFAR Network\",\"description\":\"Art\",\"potentialAction\":[{\"@type\":\"SearchAction\",\"target\":{\"@type\":\"EntryPoint\",\"urlTemplate\":\"https:\/\/www.afarnetwork.com\/?s={search_term_string}\"},\"query-input\":\"required name=search_term_string\"}],\"inLanguage\":\"ro-RO\"}]}<\/script>\n<!-- \/ Yoast SEO plugin. -->","yoast_head_json":{"title":"AFAR: Topography of the Project - AFAR Network","robots":{"index":"index","follow":"follow","max-snippet":"max-snippet:-1","max-image-preview":"max-image-preview:large","max-video-preview":"max-video-preview:-1"},"canonical":"https:\/\/www.afarnetwork.com\/ro\/topographyoftheproject\/","og_locale":"ro_RO","og_type":"article","og_title":"AFAR: Topography of the Project - AFAR Network","og_description":"AFAR: Topography of the Project Opening: October 24, 7:00 PM Artists: \u017deljko Beljan (HR), Bik Van der Pol (NL), Tanja Boukal (AT), Larisa Crun\u021beanu (RO), Megan Dominescu (RO), Nikolina Hrgovi\u0107 Kne\u017eevi\u0107 (HR), Zoya Laktionova (UA), Sarah McNulty (DK), Iza Tarasewicz (PL), Eve Woods (IE) Curator: Josip Zanki October 24- November 24, 2024Location: Ba\u010dva Gallery, Home [&hellip;]","og_url":"https:\/\/www.afarnetwork.com\/ro\/topographyoftheproject\/","og_site_name":"AFAR Network","article_modified_time":"2024-11-05T14:56:25+00:00","twitter_card":"summary_large_image","twitter_misc":{"Timp estimat pentru citire":"5 minute"},"schema":{"@context":"https:\/\/schema.org","@graph":[{"@type":"WebPage","@id":"https:\/\/www.afarnetwork.com\/topographyoftheproject\/","url":"https:\/\/www.afarnetwork.com\/topographyoftheproject\/","name":"AFAR: Topography of the Project - AFAR Network","isPartOf":{"@id":"https:\/\/www.afarnetwork.com\/#website"},"datePublished":"2024-10-23T11:26:36+00:00","dateModified":"2024-11-05T14:56:25+00:00","breadcrumb":{"@id":"https:\/\/www.afarnetwork.com\/topographyoftheproject\/#breadcrumb"},"inLanguage":"ro-RO","potentialAction":[{"@type":"ReadAction","target":["https:\/\/www.afarnetwork.com\/topographyoftheproject\/"]}]},{"@type":"BreadcrumbList","@id":"https:\/\/www.afarnetwork.com\/topographyoftheproject\/#breadcrumb","itemListElement":[{"@type":"ListItem","position":1,"name":"Home","item":"https:\/\/www.afarnetwork.com\/"},{"@type":"ListItem","position":2,"name":"AFAR: Topography of the Project"}]},{"@type":"WebSite","@id":"https:\/\/www.afarnetwork.com\/#website","url":"https:\/\/www.afarnetwork.com\/","name":"AFAR Network","description":"Art","potentialAction":[{"@type":"SearchAction","target":{"@type":"EntryPoint","urlTemplate":"https:\/\/www.afarnetwork.com\/?s={search_term_string}"},"query-input":"required name=search_term_string"}],"inLanguage":"ro-RO"}]}},"_links":{"self":[{"href":"https:\/\/www.afarnetwork.com\/ro\/wp-json\/wp\/v2\/pages\/3592","targetHints":{"allow":["GET"]}}],"collection":[{"href":"https:\/\/www.afarnetwork.com\/ro\/wp-json\/wp\/v2\/pages"}],"about":[{"href":"https:\/\/www.afarnetwork.com\/ro\/wp-json\/wp\/v2\/types\/page"}],"author":[{"embeddable":true,"href":"https:\/\/www.afarnetwork.com\/ro\/wp-json\/wp\/v2\/users\/2"}],"replies":[{"embeddable":true,"href":"https:\/\/www.afarnetwork.com\/ro\/wp-json\/wp\/v2\/comments?post=3592"}],"version-history":[{"count":8,"href":"https:\/\/www.afarnetwork.com\/ro\/wp-json\/wp\/v2\/pages\/3592\/revisions"}],"predecessor-version":[{"id":3765,"href":"https:\/\/www.afarnetwork.com\/ro\/wp-json\/wp\/v2\/pages\/3592\/revisions\/3765"}],"wp:attachment":[{"href":"https:\/\/www.afarnetwork.com\/ro\/wp-json\/wp\/v2\/media?parent=3592"}],"curies":[{"name":"wp","href":"https:\/\/api.w.org\/{rel}","templated":true}]}}